{"id":2140,"date":"2026-02-05T14:33:32","date_gmt":"2026-02-05T19:33:32","guid":{"rendered":"https:\/\/agritech.thegroapp.com\/?page_id=2140"},"modified":"2026-02-09T14:04:42","modified_gmt":"2026-02-09T19:04:42","slug":"store-locator-old","status":"publish","type":"page","link":"https:\/\/www.crfagritech.com\/fr\/store-locator-old\/","title":{"rendered":"Trouver un D\u00e9taillant"},"content":{"rendered":"<div>\n    <div class=\"crf-locator\" data-component=\"crf-locator\">\r\n      <div class=\"crf-locator-header\">\r\n        <h1 class=\"crf-title\">Trouver un D\u00e9taillant<\/h1>\r\n      <\/div>\r\n\r\n      <form class=\"crf-locator-form\" autocomplete=\"off\">\r\n        <div class=\"crf-row\">\r\n          <input class=\"crf-input\" name=\"q\" type=\"text\" placeholder=\"Saisir la ville ou le code postal\" \/>\r\n          <select class=\"crf-select\" name=\"radius\">\r\n            <option value=\"5\">5 km<\/option>\r\n            <option value=\"10\">10 km<\/option>\r\n            <option value=\"25\">25 km<\/option>\r\n            <option value=\"50\" selected>50 km<\/option>\r\n            <option value=\"100\">100 km<\/option>\r\n            <option value=\"250\">250 km<\/option>\r\n            <option value=\"500\">500 km<\/option>\r\n            <option value=\"1000\">1000 km<\/option>\r\n          <\/select>\r\n          <button class=\"crf-button\" type=\"submit\">Chercher<\/button>\r\n          <button class=\"crf-button crf-geo\" type=\"button\">Utiliser ma position actuelle<\/button>\r\n        <\/div>\r\n      <\/form>\r\n\r\n      <div class=\"crf-meta\">\r\n        <div class=\"crf-status\" aria-live=\"polite\"><\/div>\r\n      <\/div>\r\n\r\n      <div class=\"crf-container\">\r\n        <div class=\"crf-results\" data-results>\r\n          <div class=\"crf-skeleton\">\r\n            <div class=\"crf-skeleton-line crf-skeleton-title\"><\/div>\r\n            <div class=\"crf-skeleton-line crf-skeleton-short\"><\/div>\r\n            <div class=\"crf-skeleton-line crf-skeleton-text\" style=\"margin-top: 10px; width: 90%;\"><\/div>\r\n            <div class=\"crf-skeleton-line crf-skeleton-text\" style=\"width: 85%;\"><\/div>\r\n            <div class=\"crf-skeleton-line crf-skeleton-short\" style=\"margin-top: 10px;\"><\/div>\r\n          <\/div>\r\n          <div class=\"crf-skeleton\">\r\n            <div class=\"crf-skeleton-line crf-skeleton-title\"><\/div>\r\n            <div class=\"crf-skeleton-line crf-skeleton-short\"><\/div>\r\n            <div class=\"crf-skeleton-line crf-skeleton-text\" style=\"margin-top: 10px; width: 90%;\"><\/div>\r\n            <div class=\"crf-skeleton-line crf-skeleton-text\" style=\"width: 85%;\"><\/div>\r\n            <div class=\"crf-skeleton-line crf-skeleton-short\" style=\"margin-top: 10px;\"><\/div>\r\n          <\/div>\r\n          <div class=\"crf-skeleton\">\r\n            <div class=\"crf-skeleton-line crf-skeleton-title\"><\/div>\r\n            <div class=\"crf-skeleton-line crf-skeleton-short\"><\/div>\r\n            <div class=\"crf-skeleton-line crf-skeleton-text\" style=\"margin-top: 10px; width: 90%;\"><\/div>\r\n            <div class=\"crf-skeleton-line crf-skeleton-text\" style=\"width: 85%;\"><\/div>\r\n            <div class=\"crf-skeleton-line crf-skeleton-short\" style=\"margin-top: 10px;\"><\/div>\r\n          <\/div>\r\n        <\/div>\r\n        <div class=\"crf-map\" id=\"crf-map-69dea6b9ddaeb\"><\/div>\r\n      <\/div>\r\n    <\/div>\r\n    <\/div>\n<p><!--more--><br \/>\n<!-- {\"type\":\"layout\",\"children\":[{\"type\":\"section\",\"props\":{\"divider_height\":\"120\",\"divider_position\":\"top\",\"divider_width\":\"100\",\"image_position\":\"center-center\",\"padding_custom_bottom\":\"40\",\"padding_custom_top\":\"40\",\"style\":\"default\",\"style_custom_color\":\"#ccc\",\"title_breakpoint\":\"xl\",\"title_position\":\"top-left\",\"title_rotation\":\"left\",\"vertical_align\":\"middle\",\"width\":\"default\"},\"children\":[{\"type\":\"row\",\"children\":[{\"type\":\"column\",\"props\":{\"image_position\":\"center-center\",\"position_sticky_breakpoint\":\"m\"},\"children\":[{\"type\":\"html\",\"props\":{\"content\":\"[crf_store_locator locale=\\\"fr\\\"]\"}}]}]}]}],\"version\":\"4.5.16\"} --><\/p>\n","protected":false},"excerpt":{"rendered":"","protected":false},"author":9,"featured_media":0,"parent":0,"menu_order":0,"comment_status":"closed","ping_status":"closed","template":"","meta":{"footnotes":""},"class_list":["post-2140","page","type-page","status-publish","hentry"],"yoast_head":"<!-- This site is optimized with the Yoast SEO plugin v27.4 - https:\/\/yoast.com\/product\/yoast-seo-wordpress\/ -->\n<title>Trouver un D\u00e9taillant - CRF Agritech<\/title>\n<meta name=\"description\" content=\"Trouvez des d\u00e9taillants PurYield et des revendeurs autoris\u00e9s pr\u00e8s de chez vous gr\u00e2ce \u00e0 notre localisateur de magasins \u2014 localisez rapidement des distributeurs pour acheter localement l&#039;engrais \u00e0 lib\u00e9ration contr\u00f4l\u00e9e de confiance.\" \/>\n<meta name=\"robots\" content=\"index, follow, max-snippet:-1, max-image-preview:large, max-video-preview:-1\" \/>\n<link rel=\"canonical\" href=\"https:\/\/www.crfagritech.com\/fr\/store-locator-old\/\" \/>\n<meta property=\"og:locale\" content=\"fr_FR\" \/>\n<meta property=\"og:type\" content=\"article\" \/>\n<meta property=\"og:title\" content=\"Trouver un D\u00e9taillant - CRF Agritech\" \/>\n<meta property=\"og:description\" content=\"Trouvez des d\u00e9taillants PurYield et des revendeurs autoris\u00e9s pr\u00e8s de chez vous gr\u00e2ce \u00e0 notre localisateur de magasins \u2014 localisez rapidement des distributeurs pour acheter localement l&#039;engrais \u00e0 lib\u00e9ration contr\u00f4l\u00e9e de confiance.\" \/>\n<meta property=\"og:url\" content=\"https:\/\/www.crfagritech.com\/fr\/store-locator-old\/\" \/>\n<meta property=\"og:site_name\" content=\"CRF Agritech\" \/>\n<meta property=\"article:modified_time\" content=\"2026-02-09T19:04:42+00:00\" \/>\n<meta name=\"twitter:card\" content=\"summary_large_image\" \/>\n<meta name=\"twitter:label1\" content=\"Est. reading time\" \/>\n\t<meta name=\"twitter:data1\" content=\"1 minute\" \/>\n<script type=\"application\/ld+json\" class=\"yoast-schema-graph\">{\"@context\":\"https:\\\/\\\/schema.org\",\"@graph\":[{\"@type\":\"WebPage\",\"@id\":\"https:\\\/\\\/www.crfagritech.com\\\/fr\\\/store-locator-old\\\/\",\"url\":\"https:\\\/\\\/www.crfagritech.com\\\/fr\\\/store-locator-old\\\/\",\"name\":\"Trouver un D\u00e9taillant - CRF Agritech\",\"isPartOf\":{\"@id\":\"https:\\\/\\\/www.crfagritech.com\\\/fr\\\/#website\"},\"datePublished\":\"2026-02-05T19:33:32+00:00\",\"dateModified\":\"2026-02-09T19:04:42+00:00\",\"description\":\"Trouvez des d\u00e9taillants PurYield et des revendeurs autoris\u00e9s pr\u00e8s de chez vous gr\u00e2ce \u00e0 notre localisateur de magasins \u2014 localisez rapidement des distributeurs pour acheter localement l'engrais \u00e0 lib\u00e9ration contr\u00f4l\u00e9e de confiance.\",\"breadcrumb\":{\"@id\":\"https:\\\/\\\/www.crfagritech.com\\\/fr\\\/store-locator-old\\\/#breadcrumb\"},\"inLanguage\":\"fr-FR\",\"potentialAction\":[{\"@type\":\"ReadAction\",\"target\":[\"https:\\\/\\\/www.crfagritech.com\\\/fr\\\/store-locator-old\\\/\"]}]},{\"@type\":\"BreadcrumbList\",\"@id\":\"https:\\\/\\\/www.crfagritech.com\\\/fr\\\/store-locator-old\\\/#breadcrumb\",\"itemListElement\":[{\"@type\":\"ListItem\",\"position\":1,\"name\":\"Home\",\"item\":\"https:\\\/\\\/www.crfagritech.com\\\/fr\\\/\"},{\"@type\":\"ListItem\",\"position\":2,\"name\":\"Trouver un D\u00e9taillant\"}]},{\"@type\":\"WebSite\",\"@id\":\"https:\\\/\\\/www.crfagritech.com\\\/fr\\\/#website\",\"url\":\"https:\\\/\\\/www.crfagritech.com\\\/fr\\\/\",\"name\":\"CRF Agritech\",\"description\":\"Providing CRF products to Ontario Farmers\",\"potentialAction\":[{\"@type\":\"SearchAction\",\"target\":{\"@type\":\"EntryPoint\",\"urlTemplate\":\"https:\\\/\\\/www.crfagritech.com\\\/fr\\\/?s={search_term_string}\"},\"query-input\":{\"@type\":\"PropertyValueSpecification\",\"valueRequired\":true,\"valueName\":\"search_term_string\"}}],\"inLanguage\":\"fr-FR\"}]}<\/script>\n<!-- \/ Yoast SEO plugin. -->","yoast_head_json":{"title":"Trouver un D\u00e9taillant - CRF Agritech","description":"Trouvez des d\u00e9taillants PurYield et des revendeurs autoris\u00e9s pr\u00e8s de chez vous gr\u00e2ce \u00e0 notre localisateur de magasins \u2014 localisez rapidement des distributeurs pour acheter localement l'engrais \u00e0 lib\u00e9ration contr\u00f4l\u00e9e de confiance.","robots":{"index":"index","follow":"follow","max-snippet":"max-snippet:-1","max-image-preview":"max-image-preview:large","max-video-preview":"max-video-preview:-1"},"canonical":"https:\/\/www.crfagritech.com\/fr\/store-locator-old\/","og_locale":"fr_FR","og_type":"article","og_title":"Trouver un D\u00e9taillant - CRF Agritech","og_description":"Trouvez des d\u00e9taillants PurYield et des revendeurs autoris\u00e9s pr\u00e8s de chez vous gr\u00e2ce \u00e0 notre localisateur de magasins \u2014 localisez rapidement des distributeurs pour acheter localement l'engrais \u00e0 lib\u00e9ration contr\u00f4l\u00e9e de confiance.","og_url":"https:\/\/www.crfagritech.com\/fr\/store-locator-old\/","og_site_name":"CRF Agritech","article_modified_time":"2026-02-09T19:04:42+00:00","twitter_card":"summary_large_image","twitter_misc":{"Est. reading time":"1 minute"},"schema":{"@context":"https:\/\/schema.org","@graph":[{"@type":"WebPage","@id":"https:\/\/www.crfagritech.com\/fr\/store-locator-old\/","url":"https:\/\/www.crfagritech.com\/fr\/store-locator-old\/","name":"Trouver un D\u00e9taillant - CRF Agritech","isPartOf":{"@id":"https:\/\/www.crfagritech.com\/fr\/#website"},"datePublished":"2026-02-05T19:33:32+00:00","dateModified":"2026-02-09T19:04:42+00:00","description":"Trouvez des d\u00e9taillants PurYield et des revendeurs autoris\u00e9s pr\u00e8s de chez vous gr\u00e2ce \u00e0 notre localisateur de magasins \u2014 localisez rapidement des distributeurs pour acheter localement l'engrais \u00e0 lib\u00e9ration contr\u00f4l\u00e9e de confiance.","breadcrumb":{"@id":"https:\/\/www.crfagritech.com\/fr\/store-locator-old\/#breadcrumb"},"inLanguage":"fr-FR","potentialAction":[{"@type":"ReadAction","target":["https:\/\/www.crfagritech.com\/fr\/store-locator-old\/"]}]},{"@type":"BreadcrumbList","@id":"https:\/\/www.crfagritech.com\/fr\/store-locator-old\/#breadcrumb","itemListElement":[{"@type":"ListItem","position":1,"name":"Home","item":"https:\/\/www.crfagritech.com\/fr\/"},{"@type":"ListItem","position":2,"name":"Trouver un D\u00e9taillant"}]},{"@type":"WebSite","@id":"https:\/\/www.crfagritech.com\/fr\/#website","url":"https:\/\/www.crfagritech.com\/fr\/","name":"CRF Agritech","description":"Providing CRF products to Ontario Farmers","potentialAction":[{"@type":"SearchAction","target":{"@type":"EntryPoint","urlTemplate":"https:\/\/www.crfagritech.com\/fr\/?s={search_term_string}"},"query-input":{"@type":"PropertyValueSpecification","valueRequired":true,"valueName":"search_term_string"}}],"inLanguage":"fr-FR"}]}},"_links":{"self":[{"href":"https:\/\/www.crfagritech.com\/fr\/wp-json\/wp\/v2\/pages\/2140","targetHints":{"allow":["GET"]}}],"collection":[{"href":"https:\/\/www.crfagritech.com\/fr\/wp-json\/wp\/v2\/pages"}],"about":[{"href":"https:\/\/www.crfagritech.com\/fr\/wp-json\/wp\/v2\/types\/page"}],"author":[{"embeddable":true,"href":"https:\/\/www.crfagritech.com\/fr\/wp-json\/wp\/v2\/users\/9"}],"replies":[{"embeddable":true,"href":"https:\/\/www.crfagritech.com\/fr\/wp-json\/wp\/v2\/comments?post=2140"}],"version-history":[{"count":2,"href":"https:\/\/www.crfagritech.com\/fr\/wp-json\/wp\/v2\/pages\/2140\/revisions"}],"predecessor-version":[{"id":2142,"href":"https:\/\/www.crfagritech.com\/fr\/wp-json\/wp\/v2\/pages\/2140\/revisions\/2142"}],"wp:attachment":[{"href":"https:\/\/www.crfagritech.com\/fr\/wp-json\/wp\/v2\/media?parent=2140"}],"curies":[{"name":"wp","href":"https:\/\/api.w.org\/{rel}","templated":true}]}}